{"id":3030,"date":"2024-01-30T19:03:45","date_gmt":"2024-01-30T18:03:45","guid":{"rendered":"https:\/\/3k.startengine.si\/?page_id=3030"},"modified":"2024-01-30T19:10:06","modified_gmt":"2024-01-30T18:10:06","slug":"informacije","status":"publish","type":"page","link":"https:\/\/3k.startengine.si\/?page_id=3030","title":{"rendered":"Informacije"},"content":{"rendered":"<p>[et_pb_section fb_built=&#8221;1&#8243; custom_padding_last_edited=&#8221;on|phone&#8221; admin_label=&#8221;Hero&#8221; _builder_version=&#8221;4.23.4&#8243; background_image=&#8221;https:\/\/3k.startengine.si\/wp-content\/uploads\/2024\/01\/O-KLUBU_3K-v-medijih.jpg&#8221; custom_padding=&#8221;233px||38px|||&#8221; custom_padding_tablet=&#8221;&#8221; custom_padding_phone=&#8221;100px||||false|false&#8221; background_last_edited=&#8221;on|phone&#8221; background_mask_color_phone=&#8221;#383838&#8243; global_colors_info=&#8221;{}&#8221;][et_pb_row _builder_version=&#8221;4.23.4&#8243; background_size=&#8221;initial&#8221; background_position=&#8221;top_left&#8221; background_repeat=&#8221;repeat&#8221; width_tablet=&#8221;&#8221; width_phone=&#8221;85%&#8221; width_last_edited=&#8221;on|phone&#8221; custom_margin=&#8221;|auto|14px|auto||&#8221; custom_margin_tablet=&#8221;&#8221; custom_margin_phone=&#8221;||-55px||false|false&#8221; custom_margin_last_edited=&#8221;on|phone&#8221; global_colors_info=&#8221;{}&#8221;][et_pb_column type=&#8221;4_4&#8243; _builder_version=&#8221;4.16&#8243; custom_padding=&#8221;|||&#8221; global_colors_info=&#8221;{}&#8221; custom_padding__hover=&#8221;|||&#8221;][et_pb_text admin_label=&#8221;Title&#8221; _builder_version=&#8221;4.23.4&#8243; text_font=&#8221;||||||||&#8221; header_font=&#8221;Montserrat|500|||||||&#8221; header_text_align=&#8221;left&#8221; header_text_color=&#8221;#FFFFFF&#8221; header_font_size=&#8221;50px&#8221; width=&#8221;70.1%&#8221; custom_margin=&#8221;|||0px|false|false&#8221; custom_margin_tablet=&#8221;&#8221; custom_margin_phone=&#8221;||5px||false|false&#8221; custom_margin_last_edited=&#8221;on|phone&#8221; custom_padding=&#8221;|||0px|false|false&#8221; custom_padding_tablet=&#8221;&#8221; custom_padding_phone=&#8221;0px||||false|false&#8221; custom_padding_last_edited=&#8221;on|phone&#8221; animation_style=&#8221;zoom&#8221; animation_direction=&#8221;left&#8221; animation_intensity_zoom=&#8221;10%&#8221; header_font_size_tablet=&#8221;50px&#8221; header_font_size_phone=&#8221;25px&#8221; header_font_size_last_edited=&#8221;on|phone&#8221; header_text_shadow_style=&#8221;preset2&#8243; header_text_shadow_color_tablet=&#8221;&#8221; header_text_shadow_color_phone=&#8221;#474747&#8243; header_text_shadow_color_last_edited=&#8221;on|phone&#8221; global_colors_info=&#8221;{}&#8221;]<\/p>\n<h1>O KLUBU<\/h1>\n<p>[\/et_pb_text][et_pb_text admin_label=&#8221;Title&#8221; _builder_version=&#8221;4.24.0&#8243; text_font=&#8221;||||||||&#8221; text_text_color=&#8221;#FFFFFF&#8221; text_font_size=&#8221;30px&#8221; header_font=&#8221;Montserrat|500|||||||&#8221; header_text_align=&#8221;left&#8221; header_font_size=&#8221;84px&#8221; width=&#8221;70.1%&#8221; custom_margin=&#8221;||||false|false&#8221; custom_padding=&#8221;|||7px|false|false&#8221; custom_padding_tablet=&#8221;&#8221; custom_padding_phone=&#8221;|||3px|false|false&#8221; custom_padding_last_edited=&#8221;on|phone&#8221; animation_style=&#8221;zoom&#8221; animation_direction=&#8221;left&#8221; animation_intensity_zoom=&#8221;10%&#8221; text_font_size_tablet=&#8221;&#8221; text_font_size_phone=&#8221;18px&#8221; text_font_size_last_edited=&#8221;on|phone&#8221; header_font_size_tablet=&#8221;50px&#8221; header_font_size_phone=&#8221;&#8221; header_font_size_last_edited=&#8221;on|phone&#8221; text_text_shadow_style=&#8221;preset2&#8243; global_colors_info=&#8221;{}&#8221;]<\/p>\n<p>Informacije<\/p>\n<p>[\/et_pb_text][\/et_pb_column][\/et_pb_row][\/et_pb_section][et_pb_section fb_built=&#8221;1&#8243; _builder_version=&#8221;4.23.4&#8243; _module_preset=&#8221;default&#8221; custom_padding=&#8221;18px||2px|||&#8221; global_colors_info=&#8221;{}&#8221;][et_pb_row _builder_version=&#8221;4.23.4&#8243; _module_preset=&#8221;default&#8221; custom_padding=&#8221;||13px|||&#8221; global_colors_info=&#8221;{}&#8221;][et_pb_column type=&#8221;4_4&#8243; _builder_version=&#8221;4.23.4&#8243; _module_preset=&#8221;default&#8221; global_colors_info=&#8221;{}&#8221;][et_pb_text _builder_version=&#8221;4.23.4&#8243; _module_preset=&#8221;default&#8221; global_colors_info=&#8221;{}&#8221;]<\/p>\n<p align=\"justify\">\u0160portni klub 3K \u0160PORT ima pestro zgodovino. Nastal je spontano, iz \u017eelja in potreb vseh vas, ki ste se nam sproti pridru\u017eevali in nam narekovali smeri razvoja. V za\u010detku nas je bilo morda ducat, ki smo organizirano zaplavali. Ni minilo pol leta, ko smo se \u017ee zbirali na teka\u0161kih treningih. Tudi kolesarji so kmalu dobili svoj termin. Skupina je rasla, se dru\u017eila, zabavala in predvsem pridno trenirala. Ugotovili smo, da bi bilo vsem nam in na\u0161im bli\u017enjim lep\u0161e in la\u017eje, \u010de bi se z rekreacijo in \u0161portom ukvarjali skupaj. Ponudili smo programe za za\u010detnike, skupno aktivno pre\u017eivljanje prostega \u010dasa s \u0161portom. Vklju\u010dili smo \u0161e vadbo za otroke in tako ponudili mo\u017enost aktivne vadbe celi dru\u017eini. Napo\u010dil je trenutek, ko smo presegli okvire dotedanjega delovanja in rodil se je \u0160PORTNI KLUB 3K \u0160PORT.<\/p>\n<div align=\"justify\"><\/div>\n<p align=\"justify\">Osnovni cilj 3K \u0160PORTA je ponuditi raznolike \u0161portne programe vsem starostnim kategorijam, predvsem v vzdr\u017eljivostnih \u0161portih (triatlon, duatlon, akvatlon, zimski triatlon, tek na smu\u010deh, tek, kolesarstvo, plavanje, \u2026.). Od vedno smo \u017eeleli<span>\u00a0<\/span>postati in ostati<strong> eno veliko \u0161portno srce!<\/strong><\/p>\n<div align=\"justify\"><\/div>\n<p align=\"justify\">To dosegamo s:<\/p>\n<div align=\"justify\">\n<ul>\n<li>spodbujanjem zanimanja za \u0161portno aktivnost, \u0161e posebej v vzdr\u017eljivostnih \u0161portih (triatlon, duatlon, akvatlon, zimski triatlon, tek, smu\u010darski tek, kolesarstvo, plavanja, orientacije \u2026.),<\/li>\n<li>ponudbo programov, ki prispevajo k pove\u010devanju \u0161portne aktivnosti ljudi vseh starosti,<\/li>\n<li>skrbjo za aktivno pre\u017eivljanje prostega \u010dasa in po\u010ditnic,<\/li>\n<li>prirejanjem \u0161portno rekreacijskih in tekmovalnih prireditev,<\/li>\n<li>skrbjo za \u0161portno-zdravstveno preventivo,<\/li>\n<li>\u0161irjenjem znanja o na\u010dinu izvajanja redne \u0161portne vadbe,<\/li>\n<li>razvijanjem prijateljstva, solidarnosti in ob\u010dutka medsebojne pripadnosti \u010dlanov,<\/li>\n<li>sodelovanjem z drugimi podobnimi organizacijami.<\/li>\n<\/ul>\n<\/div>\n<p align=\"justify\">Ob tem pa ne pozabljamo tudi na \u0161portne junake. Globoko smo namre\u010d prepri\u010dani, da tako zastavljeno delo dolgoro\u010dno rojeva tudi dobre \u0161portne rezultate. Ustrezno poskrbimo tudi za razvoj nadarjenih \u0161portnikov, ki imajo sposobnosti, \u017eelje in motivacijo stopiti na pot vrhunskega \u0161porta in so sposobni dose\u010di vrhunske rezultate.<\/p>\n<div align=\"justify\"><\/div>\n<p align=\"justify\">Predsednik<br \/>IGOR KOGOJ<\/p>\n<p align=\"justify\">\n<p align=\"justify\">\n<p>[\/et_pb_text][\/et_pb_column][\/et_pb_row][\/et_pb_section][et_pb_section fb_built=&#8221;1&#8243; _builder_version=&#8221;4.16&#8243; custom_padding=&#8221;32px|0px|25px|0px||&#8221; global_colors_info=&#8221;{}&#8221; global_module=&#8221;2880&#8243; theme_builder_area=&#8221;post_content&#8221;][et_pb_row column_structure=&#8221;1_3,1_3,1_3&#8243; _builder_version=&#8221;4.16&#8243; background_size=&#8221;initial&#8221; background_position=&#8221;top_left&#8221; background_repeat=&#8221;repeat&#8221; min_height=&#8221;383px&#8221; custom_margin=&#8221;|||&#8221; custom_padding=&#8221;120px||26px|||&#8221; global_colors_info=&#8221;{}&#8221; theme_builder_area=&#8221;post_content&#8221;][et_pb_column type=&#8221;1_3&#8243; _builder_version=&#8221;4.16&#8243; custom_padding=&#8221;|||&#8221; global_colors_info=&#8221;{}&#8221; custom_padding__hover=&#8221;|||&#8221; theme_builder_area=&#8221;post_content&#8221;][et_pb_blurb title=&#8221;Kontakt&#8221; use_icon=&#8221;on&#8221; font_icon=&#8221;&#xe010;||divi||400&#8243; icon_color=&#8221;#ffffff&#8221; image_icon_background_color=&#8221;#57b5cf&#8221; image_icon_width=&#8221;26px&#8221; _builder_version=&#8221;4.23.4&#8243; header_font=&#8221;Montserrat|500|||||||&#8221; header_text_align=&#8221;center&#8221; header_text_color=&#8221;#004a83&#8243; header_line_height=&#8221;1.8em&#8221; body_font=&#8221;Montserrat|500|||||||&#8221; body_text_align=&#8221;center&#8221; body_line_height=&#8221;1.8em&#8221; background_color=&#8221;#ffffff&#8221; image_icon_custom_padding=&#8221;25px|25px|25px|25px|false|false&#8221; custom_margin=&#8221;-100px|||&#8221; custom_margin_tablet=&#8221;|||&#8221; custom_margin_phone=&#8221;&#8221; custom_margin_last_edited=&#8221;on|tablet&#8221; custom_padding=&#8221;40px|40px|40px|40px&#8221; animation_style=&#8221;slide&#8221; animation_direction=&#8221;bottom&#8221; animation_intensity_slide=&#8221;10%&#8221; border_radii=&#8221;on|10px|10px|10px|10px&#8221; border_radii_image=&#8221;on|100%|100%|100%|100%&#8221; box_shadow_style=&#8221;preset3&#8243; box_shadow_vertical=&#8221;50px&#8221; box_shadow_blur=&#8221;75px&#8221; box_shadow_color=&#8221;rgba(0,0,0,0.1)&#8221; icon_font_size=&#8221;26px&#8221; use_circle=&#8221;on&#8221; circle_color=&#8221;#4866ff&#8221; global_colors_info=&#8221;{}&#8221; image_icon_background_color__sticky_enabled=&#8221;#7EBEC5&#8243; image_icon_background_color__sticky=&#8221;#7EBEC5&#8243; theme_builder_area=&#8221;post_content&#8221;]<\/p>\n<p><a href=\"mailto:sportnosrce@3ksport.si\">sportnosrce@3ksport.si<\/a><br \/>+(386) 31 288 544<br \/><a href=\"www.3ksport.si\">www.3ksport.si<\/a><\/p>\n<p>[\/et_pb_blurb][\/et_pb_column][et_pb_column type=&#8221;1_3&#8243; _builder_version=&#8221;4.16&#8243; custom_padding=&#8221;|||&#8221; global_colors_info=&#8221;{}&#8221; custom_padding__hover=&#8221;|||&#8221; theme_builder_area=&#8221;post_content&#8221;][et_pb_blurb title=&#8221;Naslov&#8221; use_icon=&#8221;on&#8221; font_icon=&#8221;&#xe082;||divi||400&#8243; icon_color=&#8221;#ffffff&#8221; image_icon_background_color=&#8221;#57b5cf&#8221; image_icon_width=&#8221;26px&#8221; _builder_version=&#8221;4.23.4&#8243; header_font=&#8221;Montserrat|500|||||||&#8221; header_text_align=&#8221;center&#8221; header_text_color=&#8221;#004a83&#8243; header_line_height=&#8221;1.8em&#8221; body_font=&#8221;Montserrat|500|||||||&#8221; body_text_align=&#8221;center&#8221; body_line_height=&#8221;1.8em&#8221; background_color=&#8221;#ffffff&#8221; image_icon_custom_padding=&#8221;25px|25px|25px|25px|false|false&#8221; custom_margin=&#8221;-100px|||&#8221; custom_margin_tablet=&#8221;|||&#8221; custom_margin_phone=&#8221;&#8221; custom_margin_last_edited=&#8221;on|tablet&#8221; custom_padding=&#8221;40px|40px|40px|40px&#8221; animation_style=&#8221;slide&#8221; animation_direction=&#8221;bottom&#8221; animation_intensity_slide=&#8221;10%&#8221; border_radii=&#8221;on|10px|10px|10px|10px&#8221; border_radii_image=&#8221;on|100%|100%|100%|100%&#8221; box_shadow_style=&#8221;preset3&#8243; box_shadow_vertical=&#8221;50px&#8221; box_shadow_blur=&#8221;75px&#8221; box_shadow_color=&#8221;rgba(0,0,0,0.1)&#8221; icon_font_size=&#8221;26px&#8221; use_circle=&#8221;on&#8221; circle_color=&#8221;#4866ff&#8221; global_colors_info=&#8221;{}&#8221; image_icon_background_color__sticky_enabled=&#8221;#7EBEC5&#8243; image_icon_background_color__sticky=&#8221;#7EBEC5&#8243; theme_builder_area=&#8221;post_content&#8221;]<\/p>\n<p>3K \u0160PORT<br \/>Zagreb\u0161ka cesta 8<br \/>1000 Ljubljana, Slovenija\u00a0<\/p>\n<p>[\/et_pb_blurb][\/et_pb_column][et_pb_column type=&#8221;1_3&#8243; _builder_version=&#8221;4.16&#8243; custom_padding=&#8221;|||&#8221; global_colors_info=&#8221;{}&#8221; custom_padding__hover=&#8221;|||&#8221; theme_builder_area=&#8221;post_content&#8221;][et_pb_blurb title=&#8221;Ostalo&#8221; use_icon=&#8221;on&#8221; font_icon=&#8221;&#xe107;||divi||400&#8243; icon_color=&#8221;#ffffff&#8221; image_icon_background_color=&#8221;#57b5cf&#8221; image_icon_width=&#8221;26px&#8221; _builder_version=&#8221;4.23.4&#8243; header_font=&#8221;Montserrat|500|||||||&#8221; header_text_align=&#8221;center&#8221; header_text_color=&#8221;#004a83&#8243; header_line_height=&#8221;1.8em&#8221; body_font=&#8221;Montserrat|500|||||||&#8221; body_text_align=&#8221;center&#8221; body_line_height=&#8221;1.8em&#8221; background_color=&#8221;#ffffff&#8221; image_icon_custom_padding=&#8221;25px|25px|25px|25px|false|false&#8221; custom_margin=&#8221;-100px|||&#8221; custom_margin_tablet=&#8221;|||&#8221; custom_margin_phone=&#8221;&#8221; custom_margin_last_edited=&#8221;on|tablet&#8221; custom_padding=&#8221;40px|40px|40px|40px&#8221; animation_style=&#8221;slide&#8221; animation_direction=&#8221;bottom&#8221; animation_intensity_slide=&#8221;10%&#8221; border_radii=&#8221;on|10px|10px|10px|10px&#8221; border_radii_image=&#8221;on|100%|100%|100%|100%&#8221; box_shadow_style=&#8221;preset3&#8243; box_shadow_vertical=&#8221;50px&#8221; box_shadow_blur=&#8221;75px&#8221; box_shadow_color=&#8221;rgba(0,0,0,0.1)&#8221; icon_font_size=&#8221;26px&#8221; use_circle=&#8221;on&#8221; circle_color=&#8221;#4866ff&#8221; global_colors_info=&#8221;{}&#8221; image_icon_background_color__sticky_enabled=&#8221;#7EBEC5&#8243; image_icon_background_color__sticky=&#8221;#7EBEC5&#8243; theme_builder_area=&#8221;post_content&#8221;]<\/p>\n<p>Mati\u010dna \u0161tevilka: 2325918<br \/>Dav\u010dna \u0161tevilka: 70200394<br \/>TRR: 02033-0256677232<\/p>\n<p>[\/et_pb_blurb][\/et_pb_column][\/et_pb_row][\/et_pb_section][et_pb_section fb_built=&#8221;1&#8243; _builder_version=&#8221;4.21.0&#8243; _module_preset=&#8221;default&#8221; custom_padding=&#8221;5px||3px|||&#8221; global_colors_info=&#8221;{}&#8221; global_module=&#8221;2879&#8243; theme_builder_area=&#8221;post_content&#8221;][et_pb_row column_structure=&#8221;1_5,3_5,1_5&#8243; _builder_version=&#8221;4.21.0&#8243; _module_preset=&#8221;default&#8221; width=&#8221;100%&#8221; max_width=&#8221;100%&#8221; custom_margin=&#8221;|auto|-10px|auto||&#8221; custom_padding=&#8221;0px||7px|||&#8221; global_colors_info=&#8221;{}&#8221; theme_builder_area=&#8221;post_content&#8221;][et_pb_column type=&#8221;1_5&#8243; _builder_version=&#8221;4.21.0&#8243; _module_preset=&#8221;default&#8221; global_colors_info=&#8221;{}&#8221; theme_builder_area=&#8221;post_content&#8221;][et_pb_image src=&#8221;https:\/\/3k.startengine.si\/wp-content\/uploads\/2024\/01\/itsi-info-logo_kvadrat.png&#8221; title_text=&#8221;itsi-info-logo_kvadrat&#8221; align=&#8221;right&#8221; _builder_version=&#8221;4.24.0&#8243; _module_preset=&#8221;default&#8221; width=&#8221;40px&#8221; max_width=&#8221;41px&#8221; custom_margin=&#8221;|-21px|||false|false&#8221; custom_margin_tablet=&#8221;|-21px|||false|false&#8221; custom_margin_phone=&#8221;-36px|315px|||false|false&#8221; custom_margin_last_edited=&#8221;on|phone&#8221; custom_padding=&#8221;0px|0px||0px|false|false&#8221; global_colors_info=&#8221;{}&#8221; theme_builder_area=&#8221;post_content&#8221;][\/et_pb_image][\/et_pb_column][et_pb_column type=&#8221;3_5&#8243; _builder_version=&#8221;4.21.0&#8243; _module_preset=&#8221;default&#8221; global_colors_info=&#8221;{}&#8221; theme_builder_area=&#8221;post_content&#8221;][et_pb_text _builder_version=&#8221;4.24.0&#8243; _module_preset=&#8221;default&#8221; text_font_size=&#8221;12px&#8221; custom_margin=&#8221;15px|||-67px|false|false&#8221; custom_margin_tablet=&#8221;15px|||-67px|false|false&#8221; custom_margin_phone=&#8221;-56px|||94px|false|false&#8221; custom_margin_last_edited=&#8221;on|phone&#8221; custom_padding=&#8221;|1px||||&#8221; text_font_size_tablet=&#8221;12px&#8221; text_font_size_phone=&#8221;10px&#8221; text_font_size_last_edited=&#8221;on|phone&#8221; global_colors_info=&#8221;{}&#8221; theme_builder_area=&#8221;post_content&#8221;]<\/p>\n<p>\u00a9 ITSI INFO d.o.o., Kog, Slovenija, <a href=\"http:\/\/www.itsiinfo.si\">www.itsiinfo.si<\/a><\/p>\n<p>[\/et_pb_text][\/et_pb_column][et_pb_column type=&#8221;1_5&#8243; _builder_version=&#8221;4.21.0&#8243; _module_preset=&#8221;default&#8221; global_colors_info=&#8221;{}&#8221; theme_builder_area=&#8221;post_content&#8221;][\/et_pb_column][\/et_pb_row][\/et_pb_section]<\/p>\n","protected":false},"excerpt":{"rendered":"<p>O KLUBUInformacije\u0160portni klub 3K \u0160PORT ima pestro zgodovino. Nastal je spontano, iz \u017eelja in potreb vseh vas, ki ste se nam sproti pridru\u017eevali in nam narekovali smeri razvoja. V za\u010detku nas je bilo morda ducat, ki smo organizirano zaplavali. Ni minilo pol leta, ko smo se \u017ee zbirali na teka\u0161kih treningih. Tudi kolesarji so kmalu [&hellip;]<\/p>\n","protected":false},"author":1,"featured_media":0,"parent":112,"menu_order":0,"comment_status":"closed","ping_status":"closed","template":"","meta":{"_et_pb_use_builder":"on","_et_pb_old_content":"","_et_gb_content_width":"","footnotes":""},"class_list":["post-3030","page","type-page","status-publish","hentry"],"_links":{"self":[{"href":"https:\/\/3k.startengine.si\/index.php?rest_route=\/wp\/v2\/pages\/3030","targetHints":{"allow":["GET"]}}],"collection":[{"href":"https:\/\/3k.startengine.si\/index.php?rest_route=\/wp\/v2\/pages"}],"about":[{"href":"https:\/\/3k.startengine.si\/index.php?rest_route=\/wp\/v2\/types\/page"}],"author":[{"embeddable":true,"href":"https:\/\/3k.startengine.si\/index.php?rest_route=\/wp\/v2\/users\/1"}],"replies":[{"embeddable":true,"href":"https:\/\/3k.startengine.si\/index.php?rest_route=%2Fwp%2Fv2%2Fcomments&post=3030"}],"version-history":[{"count":5,"href":"https:\/\/3k.startengine.si\/index.php?rest_route=\/wp\/v2\/pages\/3030\/revisions"}],"predecessor-version":[{"id":3037,"href":"https:\/\/3k.startengine.si\/index.php?rest_route=\/wp\/v2\/pages\/3030\/revisions\/3037"}],"up":[{"embeddable":true,"href":"https:\/\/3k.startengine.si\/index.php?rest_route=\/wp\/v2\/pages\/112"}],"wp:attachment":[{"href":"https:\/\/3k.startengine.si\/index.php?rest_route=%2Fwp%2Fv2%2Fmedia&parent=3030"}],"curies":[{"name":"wp","href":"https:\/\/api.w.org\/{rel}","templated":true}]}}