{"id":297,"date":"2024-01-19T13:43:06","date_gmt":"2024-01-19T12:43:06","guid":{"rendered":"https:\/\/3k.startengine.si\/?page_id=297"},"modified":"2024-01-31T23:19:37","modified_gmt":"2024-01-31T22:19:37","slug":"sportnik-sportniku","status":"publish","type":"page","link":"https:\/\/3k.startengine.si\/?page_id=297","title":{"rendered":"\u0160portnik \u0161portniku"},"content":{"rendered":"<p>[et_pb_section fb_built=&#8221;1&#8243; custom_padding_last_edited=&#8221;on|phone&#8221; admin_label=&#8221;Hero&#8221; _builder_version=&#8221;4.24.0&#8243; background_image=&#8221;https:\/\/3k.startengine.si\/wp-content\/uploads\/2024\/01\/POROCILA_SPORTNIK-SPORTNIKU.jpg&#8221; custom_padding=&#8221;233px||38px|||&#8221; custom_padding_tablet=&#8221;&#8221; custom_padding_phone=&#8221;100px||||false|false&#8221; hover_enabled=&#8221;0&#8243; background_last_edited=&#8221;on|phone&#8221; background_mask_color_phone=&#8221;#383838&#8243; global_colors_info=&#8221;{}&#8221; sticky_enabled=&#8221;0&#8243; background_position_tablet=&#8221;top_center&#8221;][et_pb_row _builder_version=&#8221;4.23.4&#8243; background_size=&#8221;initial&#8221; background_position=&#8221;top_left&#8221; background_repeat=&#8221;repeat&#8221; width_tablet=&#8221;&#8221; width_phone=&#8221;85%&#8221; width_last_edited=&#8221;on|phone&#8221; custom_margin=&#8221;|auto|14px|auto||&#8221; custom_margin_tablet=&#8221;&#8221; custom_margin_phone=&#8221;||-55px||false|false&#8221; custom_margin_last_edited=&#8221;on|phone&#8221; global_colors_info=&#8221;{}&#8221;][et_pb_column type=&#8221;4_4&#8243; _builder_version=&#8221;4.16&#8243; custom_padding=&#8221;|||&#8221; global_colors_info=&#8221;{}&#8221; custom_padding__hover=&#8221;|||&#8221;][et_pb_text admin_label=&#8221;Title&#8221; _builder_version=&#8221;4.23.4&#8243; text_font=&#8221;||||||||&#8221; header_font=&#8221;Montserrat|500|||||||&#8221; header_text_align=&#8221;left&#8221; header_text_color=&#8221;#FFFFFF&#8221; header_font_size=&#8221;50px&#8221; width=&#8221;70.1%&#8221; custom_margin=&#8221;|||0px|false|false&#8221; custom_margin_tablet=&#8221;&#8221; custom_margin_phone=&#8221;||5px||false|false&#8221; custom_margin_last_edited=&#8221;on|phone&#8221; custom_padding=&#8221;|||0px|false|false&#8221; custom_padding_tablet=&#8221;&#8221; custom_padding_phone=&#8221;0px||||false|false&#8221; custom_padding_last_edited=&#8221;on|phone&#8221; animation_style=&#8221;zoom&#8221; animation_direction=&#8221;left&#8221; animation_intensity_zoom=&#8221;10%&#8221; header_font_size_tablet=&#8221;50px&#8221; header_font_size_phone=&#8221;25px&#8221; header_font_size_last_edited=&#8221;on|phone&#8221; header_text_shadow_style=&#8221;preset2&#8243; header_text_shadow_color_tablet=&#8221;&#8221; header_text_shadow_color_phone=&#8221;#474747&#8243; header_text_shadow_color_last_edited=&#8221;on|phone&#8221; global_colors_info=&#8221;{}&#8221;]<\/p>\n<h1>PORO\u010cILA<\/h1>\n<p>[\/et_pb_text][et_pb_text admin_label=&#8221;Title&#8221; _builder_version=&#8221;4.23.4&#8243; text_font=&#8221;||||||||&#8221; text_text_color=&#8221;#FFFFFF&#8221; text_font_size=&#8221;30px&#8221; header_font=&#8221;Montserrat|500|||||||&#8221; header_text_align=&#8221;left&#8221; header_font_size=&#8221;84px&#8221; width=&#8221;70.1%&#8221; custom_margin=&#8221;||||false|false&#8221; custom_padding=&#8221;|||7px|false|false&#8221; custom_padding_tablet=&#8221;&#8221; custom_padding_phone=&#8221;|||3px|false|false&#8221; custom_padding_last_edited=&#8221;on|phone&#8221; animation_style=&#8221;zoom&#8221; animation_direction=&#8221;left&#8221; animation_intensity_zoom=&#8221;10%&#8221; text_font_size_tablet=&#8221;&#8221; text_font_size_phone=&#8221;18px&#8221; text_font_size_last_edited=&#8221;on|phone&#8221; header_font_size_tablet=&#8221;50px&#8221; header_font_size_phone=&#8221;&#8221; header_font_size_last_edited=&#8221;on|phone&#8221; text_text_shadow_style=&#8221;preset2&#8243; global_colors_info=&#8221;{}&#8221;]<\/p>\n<p>\u0160portnik \u0161portniku<\/p>\n<p>[\/et_pb_text][\/et_pb_column][\/et_pb_row][\/et_pb_section][et_pb_section fb_built=&#8221;1&#8243; admin_label=&#8221;Blog&#8221; _builder_version=&#8221;4.16&#8243; custom_margin=&#8221;|||&#8221; custom_padding=&#8221;19px||0px|||&#8221; global_colors_info=&#8221;{}&#8221;][et_pb_row _builder_version=&#8221;4.16&#8243; locked=&#8221;off&#8221; global_colors_info=&#8221;{}&#8221;][et_pb_column type=&#8221;4_4&#8243; _builder_version=&#8221;4.16&#8243; custom_padding=&#8221;|||&#8221; global_colors_info=&#8221;{}&#8221; custom_padding__hover=&#8221;|||&#8221;][et_pb_blog_extras posts_number=&#8221;12&#8243; include_categories=&#8221;47&#8243; blog_layout=&#8221;block_extended&#8221; meta_date=&#8221;j. M Y&#8221; excerpt_length=&#8221;400&#8243; use_read_more_button=&#8221;on&#8221; read_more_text=&#8221;Ve\u010d..&#8221; show_categories=&#8221;off&#8221; show_read_time=&#8221;on&#8221; read_time_text=&#8221;min&#8221; no_results_text=&#8221;Trenutno ni prispevkov&#8221; show_load_more=&#8221;on&#8221; pagination_type=&#8221;off&#8221; number_color=&#8221;#57b5cf&#8221; active_number_background_color=&#8221;#57b5cf&#8221; next_text=&#8221;Naprej&#8221; prev_text=&#8221;Nazaj&#8221; _builder_version=&#8221;4.24.0&#8243; _module_preset=&#8221;default&#8221; header_font=&#8221;|600|||||||&#8221; header_text_align=&#8221;center&#8221; header_text_color=&#8221;#48536d&#8221; header_font_size=&#8221;20px&#8221; body_font=&#8221;||||||||&#8221; body_text_align=&#8221;center&#8221; body_font_size=&#8221;14px&#8221; custom_read_more=&#8221;on&#8221; read_more_text_size=&#8221;12px&#8221; read_more_text_color=&#8221;#57b5cf&#8221; read_more_border_width=&#8221;0px&#8221; read_more_font=&#8221;||||||||&#8221; read_more_alignment=&#8221;right&#8221; border_radii_padination_number=&#8221;on|3px|3px|3px|3px&#8221; border_color_all_padination_number=&#8221;#57b5cf&#8221; global_colors_info=&#8221;{}&#8221;][\/et_pb_blog_extras][\/et_pb_column][\/et_pb_row][\/et_pb_section][et_pb_section fb_built=&#8221;1&#8243; _builder_version=&#8221;4.16&#8243; custom_padding=&#8221;32px|0px|25px|0px||&#8221; global_module=&#8221;2880&#8243; global_colors_info=&#8221;{}&#8221;][et_pb_row column_structure=&#8221;1_3,1_3,1_3&#8243; _builder_version=&#8221;4.16&#8243; background_size=&#8221;initial&#8221; background_position=&#8221;top_left&#8221; background_repeat=&#8221;repeat&#8221; min_height=&#8221;383px&#8221; custom_margin=&#8221;|||&#8221; custom_padding=&#8221;120px||26px|||&#8221; global_colors_info=&#8221;{}&#8221;][et_pb_column type=&#8221;1_3&#8243; _builder_version=&#8221;4.16&#8243; custom_padding=&#8221;|||&#8221; global_colors_info=&#8221;{}&#8221; custom_padding__hover=&#8221;|||&#8221;][et_pb_blurb title=&#8221;Kontakt&#8221; use_icon=&#8221;on&#8221; font_icon=&#8221;&#xe010;||divi||400&#8243; icon_color=&#8221;#ffffff&#8221; image_icon_background_color=&#8221;#57b5cf&#8221; image_icon_width=&#8221;26px&#8221; _builder_version=&#8221;4.23.4&#8243; header_font=&#8221;Montserrat|500|||||||&#8221; header_text_align=&#8221;center&#8221; header_text_color=&#8221;#004a83&#8243; header_line_height=&#8221;1.8em&#8221; body_font=&#8221;Montserrat|500|||||||&#8221; body_text_align=&#8221;center&#8221; body_line_height=&#8221;1.8em&#8221; background_color=&#8221;#ffffff&#8221; image_icon_custom_padding=&#8221;25px|25px|25px|25px|false|false&#8221; custom_margin=&#8221;-100px|||&#8221; custom_margin_tablet=&#8221;|||&#8221; custom_margin_phone=&#8221;&#8221; custom_margin_last_edited=&#8221;on|tablet&#8221; custom_padding=&#8221;40px|40px|40px|40px&#8221; animation_style=&#8221;slide&#8221; animation_direction=&#8221;bottom&#8221; animation_intensity_slide=&#8221;10%&#8221; border_radii=&#8221;on|10px|10px|10px|10px&#8221; border_radii_image=&#8221;on|100%|100%|100%|100%&#8221; box_shadow_style=&#8221;preset3&#8243; box_shadow_vertical=&#8221;50px&#8221; box_shadow_blur=&#8221;75px&#8221; box_shadow_color=&#8221;rgba(0,0,0,0.1)&#8221; icon_font_size=&#8221;26px&#8221; use_circle=&#8221;on&#8221; circle_color=&#8221;#4866ff&#8221; global_colors_info=&#8221;{}&#8221; image_icon_background_color__sticky_enabled=&#8221;#7EBEC5&#8243; image_icon_background_color__sticky=&#8221;#7EBEC5&#8243;]<\/p>\n<p><a href=\"mailto:sportnosrce@3ksport.si\">sportnosrce@3ksport.si<\/a><br \/>+(386) 31 288 544<br \/><a href=\"www.3ksport.si\">www.3ksport.si<\/a><\/p>\n<p>[\/et_pb_blurb][\/et_pb_column][et_pb_column type=&#8221;1_3&#8243; _builder_version=&#8221;4.16&#8243; custom_padding=&#8221;|||&#8221; global_colors_info=&#8221;{}&#8221; custom_padding__hover=&#8221;|||&#8221;][et_pb_blurb title=&#8221;Naslov&#8221; use_icon=&#8221;on&#8221; font_icon=&#8221;&#xe082;||divi||400&#8243; icon_color=&#8221;#ffffff&#8221; image_icon_background_color=&#8221;#57b5cf&#8221; image_icon_width=&#8221;26px&#8221; _builder_version=&#8221;4.23.4&#8243; header_font=&#8221;Montserrat|500|||||||&#8221; header_text_align=&#8221;center&#8221; header_text_color=&#8221;#004a83&#8243; header_line_height=&#8221;1.8em&#8221; body_font=&#8221;Montserrat|500|||||||&#8221; body_text_align=&#8221;center&#8221; body_line_height=&#8221;1.8em&#8221; background_color=&#8221;#ffffff&#8221; image_icon_custom_padding=&#8221;25px|25px|25px|25px|false|false&#8221; custom_margin=&#8221;-100px|||&#8221; custom_margin_tablet=&#8221;|||&#8221; custom_margin_phone=&#8221;&#8221; custom_margin_last_edited=&#8221;on|tablet&#8221; custom_padding=&#8221;40px|40px|40px|40px&#8221; animation_style=&#8221;slide&#8221; animation_direction=&#8221;bottom&#8221; animation_intensity_slide=&#8221;10%&#8221; border_radii=&#8221;on|10px|10px|10px|10px&#8221; border_radii_image=&#8221;on|100%|100%|100%|100%&#8221; box_shadow_style=&#8221;preset3&#8243; box_shadow_vertical=&#8221;50px&#8221; box_shadow_blur=&#8221;75px&#8221; box_shadow_color=&#8221;rgba(0,0,0,0.1)&#8221; icon_font_size=&#8221;26px&#8221; use_circle=&#8221;on&#8221; circle_color=&#8221;#4866ff&#8221; global_colors_info=&#8221;{}&#8221; image_icon_background_color__sticky_enabled=&#8221;#7EBEC5&#8243; image_icon_background_color__sticky=&#8221;#7EBEC5&#8243;]<\/p>\n<p>3K \u0160PORT<br \/>Zagreb\u0161ka cesta 8<br \/>1000 Ljubljana, Slovenija\u00a0<\/p>\n<p>[\/et_pb_blurb][\/et_pb_column][et_pb_column type=&#8221;1_3&#8243; _builder_version=&#8221;4.16&#8243; custom_padding=&#8221;|||&#8221; global_colors_info=&#8221;{}&#8221; custom_padding__hover=&#8221;|||&#8221;][et_pb_blurb title=&#8221;Ostalo&#8221; use_icon=&#8221;on&#8221; font_icon=&#8221;&#xe107;||divi||400&#8243; icon_color=&#8221;#ffffff&#8221; image_icon_background_color=&#8221;#57b5cf&#8221; image_icon_width=&#8221;26px&#8221; _builder_version=&#8221;4.23.4&#8243; header_font=&#8221;Montserrat|500|||||||&#8221; header_text_align=&#8221;center&#8221; header_text_color=&#8221;#004a83&#8243; header_line_height=&#8221;1.8em&#8221; body_font=&#8221;Montserrat|500|||||||&#8221; body_text_align=&#8221;center&#8221; body_line_height=&#8221;1.8em&#8221; background_color=&#8221;#ffffff&#8221; image_icon_custom_padding=&#8221;25px|25px|25px|25px|false|false&#8221; custom_margin=&#8221;-100px|||&#8221; custom_margin_tablet=&#8221;|||&#8221; custom_margin_phone=&#8221;&#8221; custom_margin_last_edited=&#8221;on|tablet&#8221; custom_padding=&#8221;40px|40px|40px|40px&#8221; animation_style=&#8221;slide&#8221; animation_direction=&#8221;bottom&#8221; animation_intensity_slide=&#8221;10%&#8221; border_radii=&#8221;on|10px|10px|10px|10px&#8221; border_radii_image=&#8221;on|100%|100%|100%|100%&#8221; box_shadow_style=&#8221;preset3&#8243; box_shadow_vertical=&#8221;50px&#8221; box_shadow_blur=&#8221;75px&#8221; box_shadow_color=&#8221;rgba(0,0,0,0.1)&#8221; icon_font_size=&#8221;26px&#8221; use_circle=&#8221;on&#8221; circle_color=&#8221;#4866ff&#8221; global_colors_info=&#8221;{}&#8221; image_icon_background_color__sticky_enabled=&#8221;#7EBEC5&#8243; image_icon_background_color__sticky=&#8221;#7EBEC5&#8243;]<\/p>\n<p>Mati\u010dna \u0161tevilka: 2325918<br \/>Dav\u010dna \u0161tevilka: 70200394<br \/>TRR: 02033-0256677232<\/p>\n<p>[\/et_pb_blurb][\/et_pb_column][\/et_pb_row][\/et_pb_section][et_pb_section fb_built=&#8221;1&#8243; _builder_version=&#8221;4.21.0&#8243; _module_preset=&#8221;default&#8221; custom_padding=&#8221;5px||3px|||&#8221; global_module=&#8221;2879&#8243; global_colors_info=&#8221;{}&#8221;][et_pb_row column_structure=&#8221;1_5,3_5,1_5&#8243; _builder_version=&#8221;4.21.0&#8243; _module_preset=&#8221;default&#8221; width=&#8221;100%&#8221; max_width=&#8221;100%&#8221; custom_margin=&#8221;|auto|-10px|auto||&#8221; custom_padding=&#8221;0px||7px|||&#8221; global_colors_info=&#8221;{}&#8221;][et_pb_column type=&#8221;1_5&#8243; _builder_version=&#8221;4.21.0&#8243; _module_preset=&#8221;default&#8221; global_colors_info=&#8221;{}&#8221;][et_pb_image src=&#8221;https:\/\/3k.startengine.si\/wp-content\/uploads\/2024\/01\/itsi-info-logo_kvadrat.png&#8221; title_text=&#8221;itsi-info-logo_kvadrat&#8221; align=&#8221;right&#8221; _builder_version=&#8221;4.24.0&#8243; _module_preset=&#8221;default&#8221; width=&#8221;40px&#8221; max_width=&#8221;41px&#8221; custom_margin=&#8221;|-21px|||false|false&#8221; custom_margin_tablet=&#8221;|-21px|||false|false&#8221; custom_margin_phone=&#8221;-36px|315px|||false|false&#8221; custom_margin_last_edited=&#8221;on|phone&#8221; custom_padding=&#8221;0px|0px||0px|false|false&#8221; global_colors_info=&#8221;{}&#8221;][\/et_pb_image][\/et_pb_column][et_pb_column type=&#8221;3_5&#8243; _builder_version=&#8221;4.21.0&#8243; _module_preset=&#8221;default&#8221; global_colors_info=&#8221;{}&#8221;][et_pb_text _builder_version=&#8221;4.24.0&#8243; _module_preset=&#8221;default&#8221; text_font_size=&#8221;12px&#8221; custom_margin=&#8221;15px|||-67px|false|false&#8221; custom_margin_tablet=&#8221;15px|||-67px|false|false&#8221; custom_margin_phone=&#8221;-56px|||94px|false|false&#8221; custom_margin_last_edited=&#8221;on|phone&#8221; custom_padding=&#8221;|1px||||&#8221; text_font_size_tablet=&#8221;12px&#8221; text_font_size_phone=&#8221;10px&#8221; text_font_size_last_edited=&#8221;on|phone&#8221; global_colors_info=&#8221;{}&#8221;]<\/p>\n<p>\u00a9 ITSI INFO d.o.o., Kog, Slovenija, <a href=\"http:\/\/www.itsiinfo.si\">www.itsiinfo.si<\/a><\/p>\n<p>[\/et_pb_text][\/et_pb_column][et_pb_column type=&#8221;1_5&#8243; _builder_version=&#8221;4.21.0&#8243; _module_preset=&#8221;default&#8221; global_colors_info=&#8221;{}&#8221;][\/et_pb_column][\/et_pb_row][\/et_pb_section]<\/p>\n","protected":false},"excerpt":{"rendered":"<p>PORO\u010cILA\u0160portnik \u0161portnikusportnosrce@3ksport.si+(386) 31 288 544www.3ksport.si3K \u0160PORTZagreb\u0161ka cesta 81000 Ljubljana, Slovenija\u00a0Mati\u010dna \u0161tevilka: 2325918Dav\u010dna \u0161tevilka: 70200394TRR: 02033-0256677232\u00a9 ITSI INFO d.o.o., Kog, Slovenija, www.itsiinfo.si<\/p>\n","protected":false},"author":1,"featured_media":0,"parent":122,"menu_order":0,"comment_status":"closed","ping_status":"closed","template":"","meta":{"_et_pb_use_builder":"on","_et_pb_old_content":"","_et_gb_content_width":"","footnotes":""},"class_list":["post-297","page","type-page","status-publish","hentry"],"_links":{"self":[{"href":"https:\/\/3k.startengine.si\/index.php?rest_route=\/wp\/v2\/pages\/297","targetHints":{"allow":["GET"]}}],"collection":[{"href":"https:\/\/3k.startengine.si\/index.php?rest_route=\/wp\/v2\/pages"}],"about":[{"href":"https:\/\/3k.startengine.si\/index.php?rest_route=\/wp\/v2\/types\/page"}],"author":[{"embeddable":true,"href":"https:\/\/3k.startengine.si\/index.php?rest_route=\/wp\/v2\/users\/1"}],"replies":[{"embeddable":true,"href":"https:\/\/3k.startengine.si\/index.php?rest_route=%2Fwp%2Fv2%2Fcomments&post=297"}],"version-history":[{"count":9,"href":"https:\/\/3k.startengine.si\/index.php?rest_route=\/wp\/v2\/pages\/297\/revisions"}],"predecessor-version":[{"id":3119,"href":"https:\/\/3k.startengine.si\/index.php?rest_route=\/wp\/v2\/pages\/297\/revisions\/3119"}],"up":[{"embeddable":true,"href":"https:\/\/3k.startengine.si\/index.php?rest_route=\/wp\/v2\/pages\/122"}],"wp:attachment":[{"href":"https:\/\/3k.startengine.si\/index.php?rest_route=%2Fwp%2Fv2%2Fmedia&parent=297"}],"curies":[{"name":"wp","href":"https:\/\/api.w.org\/{rel}","templated":true}]}}