{"id":195,"date":"2024-01-19T11:50:44","date_gmt":"2024-01-19T10:50:44","guid":{"rendered":"https:\/\/3k.startengine.si\/?page_id=195"},"modified":"2024-02-02T15:32:14","modified_gmt":"2024-02-02T14:32:14","slug":"programi-2","status":"publish","type":"page","link":"https:\/\/3k.startengine.si\/?page_id=195","title":{"rendered":"Programi"},"content":{"rendered":"<p>[et_pb_section fb_built=&#8221;1&#8243; custom_padding_last_edited=&#8221;on|phone&#8221; admin_label=&#8221;Hero&#8221; _builder_version=&#8221;4.24.0&#8243; background_image=&#8221;https:\/\/3k.startengine.si\/wp-content\/uploads\/2024\/01\/zoncolan.jpg&#8221; background_position=&#8221;top_center&#8221; custom_padding=&#8221;233px||38px|||&#8221; custom_padding_tablet=&#8221;&#8221; custom_padding_phone=&#8221;100px||||false|false&#8221; hover_enabled=&#8221;0&#8243; background_last_edited=&#8221;on|phone&#8221; background_image_tablet=&#8221;https:\/\/3k.startengine.si\/wp-content\/uploads\/2024\/01\/zoncolan.jpg&#8221; background_enable_image_tablet=&#8221;on&#8221; background_mask_color_phone=&#8221;#383838&#8243; global_colors_info=&#8221;{}&#8221; title_text=&#8221;zoncolan&#8221; sticky_enabled=&#8221;0&#8243;][et_pb_row _builder_version=&#8221;4.23.4&#8243; background_size=&#8221;initial&#8221; background_position=&#8221;top_left&#8221; background_repeat=&#8221;repeat&#8221; width_tablet=&#8221;&#8221; width_phone=&#8221;85%&#8221; width_last_edited=&#8221;on|phone&#8221; custom_margin=&#8221;|auto|14px|auto||&#8221; custom_margin_tablet=&#8221;&#8221; custom_margin_phone=&#8221;||-55px||false|false&#8221; custom_margin_last_edited=&#8221;on|phone&#8221; global_colors_info=&#8221;{}&#8221;][et_pb_column type=&#8221;4_4&#8243; _builder_version=&#8221;4.16&#8243; custom_padding=&#8221;|||&#8221; global_colors_info=&#8221;{}&#8221; custom_padding__hover=&#8221;|||&#8221;][et_pb_text admin_label=&#8221;Title&#8221; _builder_version=&#8221;4.23.4&#8243; text_font=&#8221;||||||||&#8221; header_font=&#8221;Montserrat|500|||||||&#8221; header_text_align=&#8221;left&#8221; header_text_color=&#8221;#FFFFFF&#8221; header_font_size=&#8221;50px&#8221; width=&#8221;70.1%&#8221; custom_margin=&#8221;|||0px|false|false&#8221; custom_margin_tablet=&#8221;&#8221; custom_margin_phone=&#8221;||5px||false|false&#8221; custom_margin_last_edited=&#8221;on|phone&#8221; custom_padding=&#8221;|||0px|false|false&#8221; custom_padding_tablet=&#8221;&#8221; custom_padding_phone=&#8221;0px||||false|false&#8221; custom_padding_last_edited=&#8221;on|phone&#8221; animation_style=&#8221;zoom&#8221; animation_direction=&#8221;left&#8221; animation_intensity_zoom=&#8221;10%&#8221; header_font_size_tablet=&#8221;50px&#8221; header_font_size_phone=&#8221;25px&#8221; header_font_size_last_edited=&#8221;on|phone&#8221; header_text_shadow_style=&#8221;preset2&#8243; header_text_shadow_color_tablet=&#8221;&#8221; header_text_shadow_color_phone=&#8221;#474747&#8243; header_text_shadow_color_last_edited=&#8221;on|phone&#8221; global_colors_info=&#8221;{}&#8221;]<\/p>\n<h1>PROGRAMI<\/h1>\n<p>[\/et_pb_text][et_pb_text admin_label=&#8221;Title&#8221; _builder_version=&#8221;4.23.4&#8243; text_font=&#8221;||||||||&#8221; text_text_color=&#8221;#FFFFFF&#8221; text_font_size=&#8221;30px&#8221; header_font=&#8221;Montserrat|500|||||||&#8221; header_text_align=&#8221;left&#8221; header_font_size=&#8221;84px&#8221; width=&#8221;70.1%&#8221; custom_margin=&#8221;||||false|false&#8221; custom_padding=&#8221;|||7px|false|false&#8221; custom_padding_tablet=&#8221;&#8221; custom_padding_phone=&#8221;|||3px|false|false&#8221; custom_padding_last_edited=&#8221;on|phone&#8221; animation_style=&#8221;zoom&#8221; animation_direction=&#8221;left&#8221; animation_intensity_zoom=&#8221;10%&#8221; text_font_size_tablet=&#8221;&#8221; text_font_size_phone=&#8221;18px&#8221; text_font_size_last_edited=&#8221;on|phone&#8221; header_font_size_tablet=&#8221;50px&#8221; header_font_size_phone=&#8221;&#8221; header_font_size_last_edited=&#8221;on|phone&#8221; text_text_shadow_style=&#8221;preset2&#8243; global_colors_info=&#8221;{}&#8221;][\/et_pb_text][\/et_pb_column][\/et_pb_row][\/et_pb_section][et_pb_section fb_built=&#8221;1&#8243; admin_label=&#8221;Blog&#8221; _builder_version=&#8221;4.16&#8243; custom_margin=&#8221;|||&#8221; custom_padding=&#8221;19px||0px|||&#8221; global_colors_info=&#8221;{}&#8221;][et_pb_row _builder_version=&#8221;4.23.4&#8243; _module_preset=&#8221;default&#8221; global_colors_info=&#8221;{}&#8221;][et_pb_column type=&#8221;4_4&#8243; _builder_version=&#8221;4.23.4&#8243; _module_preset=&#8221;default&#8221; global_colors_info=&#8221;{}&#8221;][et_pb_text _builder_version=&#8221;4.23.4&#8243; _module_preset=&#8221;default&#8221; header_font=&#8221;|600|||||||&#8221; header_text_color=&#8221;#48536d&#8221; custom_margin=&#8221;|15px||15px|false|false&#8221; global_colors_info=&#8221;{}&#8221;]<\/p>\n<h1>PROGRAMI 3K SPORT V SEZONI 2023-2024<\/h1>\n<p>[\/et_pb_text][et_pb_text _builder_version=&#8221;4.23.4&#8243; _module_preset=&#8221;default&#8221; text_font=&#8221;Montserrat||||||||&#8221; custom_margin=&#8221;|15px||15px|false|false&#8221; custom_padding=&#8221;||0px|||&#8221; global_colors_info=&#8221;{}&#8221;]<\/p>\n<p style=\"text-align: justify;\">Osnovni cilj 3K SPORTA je ponuditi raznolike \u0161portne programe vsem starostnim kategorijam predvsem v vzdr\u017eljivostnih \u0161portih (triatlon, duatlon, akvatlon, tek na smu\u010deh, tek, kolesarstvo, plavanje). Obenem \u017eelimo vadbo popestriti \u0161e z nekaterimi bolj strokovnimi in teoreti\u010dnimi vsebinami. S tem spodbujamo \u0161portno rekreacijo in zavest o pomenu \u0161porta in zdravega na\u010dina \u017eivljenja. Na\u0161 osnovni cilj je nadaljevati z izvajanjem obstoje\u010dih programov ter ob tem stalno skrbeti za kvalitetno in strokovno delo. Poseben poudarek je na ponudbi raznolikih programov za triatlonce za\u010detnike (triatlon, tek, plavanje, kolesarjenje). Zahtevnej\u0161im rekreativcem v okviru na\u0161ih programov omogo\u010damo optimalno pripravo na triatlonske in teka\u0161ke izzive. Ponujamo tudi pripravo individualnih celoletnih trenin\u0161kih planov, spremljanja, svetovanja in usmerjanja treninga.<\/p>\n<p>[\/et_pb_text][\/et_pb_column][\/et_pb_row][et_pb_row column_structure=&#8221;1_3,1_3,1_3&#8243; _builder_version=&#8221;4.24.0&#8243; _module_preset=&#8221;default&#8221; max_width=&#8221;1050px&#8221; global_colors_info=&#8221;{}&#8221;][et_pb_column type=&#8221;1_3&#8243; _builder_version=&#8221;4.23.4&#8243; _module_preset=&#8221;default&#8221; global_colors_info=&#8221;{}&#8221;][et_pb_text _builder_version=&#8221;4.24.0&#8243; _module_preset=&#8221;default&#8221; header_font=&#8221;|600|||||||&#8221; header_text_color=&#8221;#57b5cf&#8221; header_font_size=&#8221;16px&#8221; min_height=&#8221;410px&#8221; height=&#8221;410px&#8221; custom_margin=&#8221;|||0px|false|false&#8221; custom_padding=&#8221;10px|10px|10px|10px|false|false&#8221; border_radii=&#8221;on|3px|3px|3px|3px&#8221; box_shadow_style=&#8221;preset2&#8243; global_colors_info=&#8221;{}&#8221;]<\/p>\n<h1>Razpisi treningov<\/h1>\n<p><span><img loading=\"lazy\" decoding=\"async\" src=\"https:\/\/3k.startengine.si\/wp-content\/uploads\/2024\/01\/RAZPISI-TRENINGOV-300x174.jpg\" width=\"300\" height=\"174\" alt=\"\" class=\"wp-image-1327 alignnone size-medium\" \/><\/span><\/p>\n<p><span>Vabimo vas, da spoznate na\u0161e trenin\u0161ke programe, ki bodo va\u0161o formo dvignile na novo raven pripravljenosti. Nudimo vam mo\u017enosti skupinskih ali individualnih treningov teka, plavanja, kolesarjenja ali triatlona.<\/span><\/p>\n<p>[\/et_pb_text][et_pb_button button_url=&#8221;@ET-DC@eyJkeW5hbWljIjp0cnVlLCJjb250ZW50IjoicG9zdF9saW5rX3VybF9wYWdlIiwic2V0dGluZ3MiOnsicG9zdF9pZCI6IjEwOCJ9fQ==@&#8221; button_text=&#8221;Preberite ve\u010d&#8221; button_alignment=&#8221;right&#8221; _builder_version=&#8221;4.24.0&#8243; _dynamic_attributes=&#8221;button_url&#8221; _module_preset=&#8221;default&#8221; custom_button=&#8221;on&#8221; button_text_size=&#8221;16px&#8221; button_text_color=&#8221;#FFFFFF&#8221; button_bg_color=&#8221;#57b5cf&#8221; button_border_width=&#8221;0px&#8221; button_border_color=&#8221;#57b5cf&#8221; button_font=&#8221;Montserrat|600|||||||&#8221; box_shadow_style=&#8221;preset2&#8243; global_colors_info=&#8221;{}&#8221;][\/et_pb_button][\/et_pb_column][et_pb_column type=&#8221;1_3&#8243; _builder_version=&#8221;4.23.4&#8243; _module_preset=&#8221;default&#8221; global_colors_info=&#8221;{}&#8221;][et_pb_text _builder_version=&#8221;4.24.0&#8243; _module_preset=&#8221;default&#8221; header_font=&#8221;|600|||||||&#8221; header_text_color=&#8221;#48536d&#8221; header_font_size=&#8221;22px&#8221; min_height=&#8221;410px&#8221; height=&#8221;410px&#8221; custom_margin=&#8221;|||0px|false|false&#8221; custom_padding=&#8221;10px|10px|10px|10px|false|false&#8221; border_radii=&#8221;on|3px|3px|3px|3px&#8221; box_shadow_style=&#8221;preset2&#8243; global_colors_info=&#8221;{}&#8221;]<\/p>\n<h1><span style=\"color: #57b5cf; font-size: medium;\">Razpisi trenin\u0161kih kampov<\/span><\/h1>\n<p><span><img loading=\"lazy\" decoding=\"async\" src=\"https:\/\/3k.startengine.si\/wp-content\/uploads\/2024\/01\/RAZPISI-TRENINSKIH-KAMPOV1-300x153.jpg\" width=\"300\" height=\"153\" alt=\"\" class=\"wp-image-1328 alignnone size-medium\" \/><\/span><\/p>\n<p><span>Vas zanima, kak\u0161ne oblike ve\u010ddnevnih skupnih \u0161portnih dru\u017eenj nudimo na\u0161im \u010dlanom?<\/span><\/p>\n<p>[\/et_pb_text][et_pb_button button_url=&#8221;@ET-DC@eyJkeW5hbWljIjp0cnVlLCJjb250ZW50IjoicG9zdF9saW5rX3VybF9wYWdlIiwic2V0dGluZ3MiOnsicG9zdF9pZCI6IjE4MCJ9fQ==@&#8221; button_text=&#8221;Preberite ve\u010d&#8221; button_alignment=&#8221;right&#8221; _builder_version=&#8221;4.24.0&#8243; _dynamic_attributes=&#8221;button_url&#8221; _module_preset=&#8221;default&#8221; custom_button=&#8221;on&#8221; button_text_size=&#8221;16px&#8221; button_text_color=&#8221;#FFFFFF&#8221; button_bg_color=&#8221;#57b5cf&#8221; button_border_color=&#8221;#57b5cf&#8221; button_font=&#8221;Montserrat|600|||||||&#8221; box_shadow_style=&#8221;preset2&#8243; global_colors_info=&#8221;{}&#8221;][\/et_pb_button][\/et_pb_column][et_pb_column type=&#8221;1_3&#8243; _builder_version=&#8221;4.23.4&#8243; _module_preset=&#8221;default&#8221; global_colors_info=&#8221;{}&#8221;][et_pb_text _builder_version=&#8221;4.24.0&#8243; _module_preset=&#8221;default&#8221; header_font=&#8221;|600|||||||&#8221; header_text_color=&#8221;#57b5cf&#8221; header_font_size=&#8221;16px&#8221; min_height=&#8221;410px&#8221; height=&#8221;410px&#8221; custom_margin=&#8221;|||0px|false|false&#8221; custom_padding=&#8221;10px|10px|10px|10px|false|false&#8221; border_radii=&#8221;on|3px|3px|3px|3px&#8221; box_shadow_style=&#8221;preset2&#8243; global_colors_info=&#8221;{}&#8221;]<\/p>\n<h1>Drugo<\/h1>\n<p><span><img loading=\"lazy\" decoding=\"async\" src=\"https:\/\/3k.startengine.si\/wp-content\/uploads\/2024\/01\/PROGRAMI-DRUGO-300x189.jpg\" width=\"300\" height=\"189\" alt=\"\" class=\"wp-image-1326 alignnone size-medium\" \/><\/span><\/p>\n<p><span>Poleg treningov in trenin\u0161kih kampov organiziramo tudi druge vrste skupnih klubskih dru\u017eenj z namenom vzpodbujati timski \u0161portni duh ter \u0161portno udejstvovanje na\u0161ih \u010dlanov in njihovih dru\u017einskih \u010dlanov ter prijateljev.<\/span><\/p>\n<p>[\/et_pb_text][et_pb_button button_url=&#8221;@ET-DC@eyJkeW5hbWljIjp0cnVlLCJjb250ZW50IjoicG9zdF9saW5rX3VybF9wYWdlIiwic2V0dGluZ3MiOnsicG9zdF9pZCI6IjE4MyJ9fQ==@&#8221; button_text=&#8221;Preberite ve\u010d&#8221; button_alignment=&#8221;right&#8221; _builder_version=&#8221;4.24.0&#8243; _dynamic_attributes=&#8221;button_url&#8221; _module_preset=&#8221;default&#8221; custom_button=&#8221;on&#8221; button_text_size=&#8221;16px&#8221; button_text_color=&#8221;#FFFFFF&#8221; button_bg_color=&#8221;#57b5cf&#8221; button_border_color=&#8221;#57b5cf&#8221; button_font=&#8221;Montserrat|600|||||||&#8221; box_shadow_style=&#8221;preset2&#8243; global_colors_info=&#8221;{}&#8221;][\/et_pb_button][\/et_pb_column][\/et_pb_row][et_pb_row _builder_version=&#8221;4.23.4&#8243; _module_preset=&#8221;default&#8221; global_colors_info=&#8221;{}&#8221;][et_pb_column type=&#8221;4_4&#8243; _builder_version=&#8221;4.23.4&#8243; _module_preset=&#8221;default&#8221; global_colors_info=&#8221;{}&#8221;][et_pb_text _builder_version=&#8221;4.23.4&#8243; _module_preset=&#8221;default&#8221; text_font=&#8221;Montserrat||||||||&#8221; custom_margin=&#8221;|15px||15px|false|false&#8221; custom_padding=&#8221;||0px|||&#8221; global_colors_info=&#8221;{}&#8221;]<\/p>\n<p>Vpra\u0161anja, vezana na posamezne programe, mnenja in pripombe po\u0161ljite na elektronski naslov:<span>\u00a0<\/span><a href=\"mailto:sportnosrce@3ksport.si\">sportnosrce@3ksport.si<\/a>.\u00a0<\/p>\n<p>Veseli bomo, \u010de se nam boste priklju\u010dili!<\/p>\n<p>&nbsp;<\/p>\n<p>[\/et_pb_text][\/et_pb_column][\/et_pb_row][et_pb_row column_structure=&#8221;1_4,1_4,1_4,1_4&#8243; _builder_version=&#8221;4.23.4&#8243; _module_preset=&#8221;default&#8221; min_height=&#8221;197.5px&#8221; custom_margin=&#8221;-38px|auto||auto||&#8221; global_colors_info=&#8221;{}&#8221;][et_pb_column type=&#8221;1_4&#8243; _builder_version=&#8221;4.23.4&#8243; _module_preset=&#8221;default&#8221; global_colors_info=&#8221;{}&#8221;][\/et_pb_column][et_pb_column type=&#8221;1_4&#8243; _builder_version=&#8221;4.23.4&#8243; _module_preset=&#8221;default&#8221; global_colors_info=&#8221;{}&#8221;][\/et_pb_column][et_pb_column type=&#8221;1_4&#8243; _builder_version=&#8221;4.23.4&#8243; _module_preset=&#8221;default&#8221; global_colors_info=&#8221;{}&#8221;][et_pb_text _builder_version=&#8221;4.23.4&#8243; _module_preset=&#8221;default&#8221; global_colors_info=&#8221;{}&#8221;]<\/p>\n<p><span>3K \u0160PORT<\/span><\/p>\n<p>Igor Kogoj<\/p>\n<p>40 let izku\u0161enj v triatlonu<\/p>\n<p>20 let dela<span>\u00a0v 3K<\/span><\/p>\n<p>[\/et_pb_text][\/et_pb_column][et_pb_column type=&#8221;1_4&#8243; _builder_version=&#8221;4.23.4&#8243; _module_preset=&#8221;default&#8221; global_colors_info=&#8221;{}&#8221;][et_pb_text _builder_version=&#8221;4.23.4&#8243; _module_preset=&#8221;default&#8221; global_colors_info=&#8221;{}&#8221;]<\/p>\n<p><span><img decoding=\"async\" src=\"https:\/\/3ksport.si\/images\/stories\/programi\/IRONMAN%20Certified%20Coach%20-%20Igor%20Kogoj.jpg\" border=\"0\" width=\"150\" \/><\/span><\/p>\n<p>[\/et_pb_text][\/et_pb_column][\/et_pb_row][\/et_pb_section]<\/p>\n","protected":false},"excerpt":{"rendered":"<p>PROGRAMIPROGRAMI 3K SPORT V SEZONI 2023-2024Osnovni cilj 3K SPORTA je ponuditi raznolike \u0161portne programe vsem starostnim kategorijam predvsem v vzdr\u017eljivostnih \u0161portih (triatlon, duatlon, akvatlon, tek na smu\u010deh, tek, kolesarstvo, plavanje). Obenem \u017eelimo vadbo popestriti \u0161e z nekaterimi bolj strokovnimi in teoreti\u010dnimi vsebinami. S tem spodbujamo \u0161portno rekreacijo in zavest o pomenu \u0161porta in zdravega na\u010dina [&hellip;]<\/p>\n","protected":false},"author":1,"featured_media":0,"parent":0,"menu_order":10,"comment_status":"closed","ping_status":"closed","template":"","meta":{"_et_pb_use_builder":"on","_et_pb_old_content":"","_et_gb_content_width":"","footnotes":""},"class_list":["post-195","page","type-page","status-publish","hentry"],"_links":{"self":[{"href":"https:\/\/3k.startengine.si\/index.php?rest_route=\/wp\/v2\/pages\/195","targetHints":{"allow":["GET"]}}],"collection":[{"href":"https:\/\/3k.startengine.si\/index.php?rest_route=\/wp\/v2\/pages"}],"about":[{"href":"https:\/\/3k.startengine.si\/index.php?rest_route=\/wp\/v2\/types\/page"}],"author":[{"embeddable":true,"href":"https:\/\/3k.startengine.si\/index.php?rest_route=\/wp\/v2\/users\/1"}],"replies":[{"embeddable":true,"href":"https:\/\/3k.startengine.si\/index.php?rest_route=%2Fwp%2Fv2%2Fcomments&post=195"}],"version-history":[{"count":22,"href":"https:\/\/3k.startengine.si\/index.php?rest_route=\/wp\/v2\/pages\/195\/revisions"}],"predecessor-version":[{"id":3302,"href":"https:\/\/3k.startengine.si\/index.php?rest_route=\/wp\/v2\/pages\/195\/revisions\/3302"}],"wp:attachment":[{"href":"https:\/\/3k.startengine.si\/index.php?rest_route=%2Fwp%2Fv2%2Fmedia&parent=195"}],"curies":[{"name":"wp","href":"https:\/\/api.w.org\/{rel}","templated":true}]}}