{"id":151,"date":"2024-01-16T16:56:16","date_gmt":"2024-01-16T15:56:16","guid":{"rendered":"https:\/\/3k.startengine.si\/?page_id=151"},"modified":"2024-02-13T01:17:10","modified_gmt":"2024-02-13T00:17:10","slug":"tekme-ki-jih-priporocamo","status":"publish","type":"page","link":"https:\/\/3k.startengine.si\/?page_id=151","title":{"rendered":"Priporo\u010dene tekme"},"content":{"rendered":"<p>[et_pb_section fb_built=&#8221;1&#8243; admin_label=&#8221;Hero&#8221; _builder_version=&#8221;4.24.0&#8243; background_image=&#8221;https:\/\/3k.startengine.si\/wp-content\/uploads\/2024\/01\/fb17a94ff127fce029c2-kaja-vovk.jpeg&#8221; background_position=&#8221;top_center&#8221; min_height=&#8221;431.8px&#8221; global_colors_info=&#8221;{}&#8221;][et_pb_row _builder_version=&#8221;4.24.0&#8243; _module_preset=&#8221;default&#8221; width=&#8221;63%&#8221; max_width=&#8221;1105px&#8221; min_height=&#8221;370px&#8221; height=&#8221;100px&#8221; max_height=&#8221;1000px&#8221; global_colors_info=&#8221;{}&#8221;][et_pb_column type=&#8221;4_4&#8243; _builder_version=&#8221;4.24.0&#8243; _module_preset=&#8221;default&#8221; global_colors_info=&#8221;{}&#8221;][et_pb_heading title=&#8221;PRIPORO\u010cENE TEKME&#8221; _builder_version=&#8221;4.24.0&#8243; _module_preset=&#8221;default&#8221; title_level=&#8221;h2&#8243; title_font=&#8221;Montserrat|500|||||||&#8221; title_text_align=&#8221;left&#8221; title_text_color=&#8221;#FFFFFF&#8221; title_font_size=&#8221;50px&#8221; custom_margin=&#8221;272px|||||&#8221; animation_style=&#8221;zoom&#8221; animation_direction=&#8221;left&#8221; animation_intensity_zoom=&#8221;10%&#8221; global_colors_info=&#8221;{}&#8221;][\/et_pb_heading][\/et_pb_column][\/et_pb_row][\/et_pb_section][et_pb_section fb_built=&#8221;1&#8243; admin_label=&#8221;About&#8221; _builder_version=&#8221;4.24.0&#8243; min_height=&#8221;1089px&#8221; custom_margin=&#8221;-23px|||||&#8221; custom_padding=&#8221;90px||90px|&#8221; global_colors_info=&#8221;{}&#8221;][et_pb_row _builder_version=&#8221;4.16&#8243; custom_margin=&#8221;|||&#8221; custom_padding=&#8221;|||&#8221; global_colors_info=&#8221;{}&#8221;][et_pb_column type=&#8221;4_4&#8243; _builder_version=&#8221;4.16&#8243; custom_padding=&#8221;|||&#8221; global_colors_info=&#8221;{}&#8221; custom_padding__hover=&#8221;|||&#8221;][et_pb_text _builder_version=&#8221;4.24.0&#8243; _module_preset=&#8221;default&#8221; custom_margin=&#8221;-49px|||||&#8221; global_colors_info=&#8221;{}&#8221;]<\/p>\n<p><span style=\"color: #000000;\">V 3K lahko na\u0161e \u010dlane uspe\u0161no pripravimo na katerokoli tekmo, na kateri \u017eelijo nastopiti. V dvajsetih letih na\u0161ega delovanja se je povsem po naravni poti izoblikoval o\u017eji nabor tekem, ki so se jih 3K-jevci najraje udele\u017eevali. Prav zaradi na\u0161ih izku\u0161enj s pripravo \u0161portnikov na udele\u017ebo na teh tekmovanjih, jih kot klub priporo\u010damo tudi vsem novim triatlonskim, teka\u0161kim, plavalnim ali kolesarskim navdu\u0161encem. S sistemati\u010dnim pristopom, teamskim duhom in posluhom za individualne cilje vam z veliko mero gotovosti sporo\u010damo, da lahko za nastop na njih uspe\u0161no in u\u010dinkovito pripravimo tudi vas! Trenirate lahko v skupini, lahko pa tudi individualno na daljavo, vse pod vodstvom Igorja Kogoja.<\/span><\/p>\n<p>[\/et_pb_text][\/et_pb_column][\/et_pb_row][et_pb_row column_structure=&#8221;1_3,1_3,1_3&#8243; _builder_version=&#8221;4.24.0&#8243; _module_preset=&#8221;default&#8221; global_colors_info=&#8221;{}&#8221;][et_pb_column type=&#8221;1_3&#8243; _builder_version=&#8221;4.24.0&#8243; _module_preset=&#8221;default&#8221; global_colors_info=&#8221;{}&#8221;][et_pb_button button_url=&#8221;https:\/\/3k.startengine.si\/programi-2\/programi\/&#8221; button_text=&#8221;Skupinsko treniranje&#8221; _builder_version=&#8221;4.24.0&#8243; _module_preset=&#8221;default&#8221; custom_button=&#8221;on&#8221; button_text_size=&#8221;16px&#8221; button_text_color=&#8221;#FFFFFF&#8221; button_bg_color=&#8221;#57b5cf&#8221; button_border_color=&#8221;#FFFFFF&#8221; global_colors_info=&#8221;{}&#8221;][\/et_pb_button][\/et_pb_column][et_pb_column type=&#8221;1_3&#8243; _builder_version=&#8221;4.24.0&#8243; _module_preset=&#8221;default&#8221; global_colors_info=&#8221;{}&#8221;][et_pb_button button_url=&#8221;https:\/\/3k.startengine.si\/programi-2\/programi-drugo\/&#8221; button_text=&#8221;Individualno treniranje&#8221; _builder_version=&#8221;4.24.0&#8243; _module_preset=&#8221;default&#8221; custom_button=&#8221;on&#8221; button_text_size=&#8221;16px&#8221; button_text_color=&#8221;#FFFFFF&#8221; button_bg_color=&#8221;#57b5cf&#8221; global_colors_info=&#8221;{}&#8221;][\/et_pb_button][\/et_pb_column][et_pb_column type=&#8221;1_3&#8243; _builder_version=&#8221;4.24.0&#8243; _module_preset=&#8221;default&#8221; global_colors_info=&#8221;{}&#8221;][et_pb_button button_url=&#8221;https:\/\/3k.startengine.si\/o-klubu\/prijavnica\/&#8221; button_text=&#8221;Prijava v 3K \u0160PORT&#8221; _builder_version=&#8221;4.24.0&#8243; _module_preset=&#8221;default&#8221; custom_button=&#8221;on&#8221; button_text_size=&#8221;16px&#8221; button_text_color=&#8221;#FFFFFF&#8221; button_bg_color=&#8221;#57b5cf&#8221; global_colors_info=&#8221;{}&#8221;][\/et_pb_button][\/et_pb_column][\/et_pb_row][et_pb_row column_structure=&#8221;1_3,1_3,1_3&#8243; _builder_version=&#8221;4.16&#8243; custom_margin=&#8221;|auto|9px|auto||&#8221; custom_padding=&#8221;60px|0px|60px|0px&#8221; global_colors_info=&#8221;{}&#8221;][et_pb_column type=&#8221;1_3&#8243; _builder_version=&#8221;4.16&#8243; custom_padding=&#8221;|||&#8221; global_colors_info=&#8221;{}&#8221; custom_padding__hover=&#8221;|||&#8221;][et_pb_blurb title=&#8221;TRIATLON&#8221; url=&#8221;https:\/\/3k.startengine.si\/?page_id=213&#8243; _builder_version=&#8221;4.24.0&#8243; header_font=&#8221;Montserrat|600|||||||&#8221; header_text_color=&#8221;#4866ff&#8221; header_font_size=&#8221;36px&#8221; body_font=&#8221;Montserrat||||||||&#8221; body_font_size=&#8221;16px&#8221; global_colors_info=&#8221;{}&#8221;][\/et_pb_blurb][\/et_pb_column][et_pb_column type=&#8221;1_3&#8243; _builder_version=&#8221;4.16&#8243; custom_padding=&#8221;|||&#8221; global_colors_info=&#8221;{}&#8221; custom_padding__hover=&#8221;|||&#8221;][et_pb_blurb title=&#8221;MARATON&#8221; url=&#8221;https:\/\/3k.startengine.si\/?page_id=234&#8243; _builder_version=&#8221;4.24.0&#8243; header_font=&#8221;Montserrat|600|||||||&#8221; header_text_color=&#8221;#4866ff&#8221; header_font_size=&#8221;36px&#8221; body_font=&#8221;Montserrat||||||||&#8221; body_font_size=&#8221;16px&#8221; locked=&#8221;off&#8221; global_colors_info=&#8221;{}&#8221;][\/et_pb_blurb][\/et_pb_column][et_pb_column type=&#8221;1_3&#8243; _builder_version=&#8221;4.16&#8243; custom_padding=&#8221;|||&#8221; global_colors_info=&#8221;{}&#8221; custom_padding__hover=&#8221;|||&#8221;][et_pb_blurb title=&#8221;DRUGE TEKME&#8221; _builder_version=&#8221;4.24.0&#8243; header_font=&#8221;Montserrat|600|||||||&#8221; header_text_color=&#8221;#4866ff&#8221; header_font_size=&#8221;36px&#8221; body_font=&#8221;Montserrat||||||||&#8221; body_font_size=&#8221;16px&#8221; hover_enabled=&#8221;0&#8243; locked=&#8221;off&#8221; global_colors_info=&#8221;{}&#8221; sticky_enabled=&#8221;0&#8243; url=&#8221;https:\/\/3k.startengine.si\/?page_id=249&#8243;][\/et_pb_blurb][\/et_pb_column][\/et_pb_row][\/et_pb_section]<\/p>\n","protected":false},"excerpt":{"rendered":"<p>V 3K lahko na\u0161e \u010dlane uspe\u0161no pripravimo na katerokoli tekmo, na kateri \u017eelijo nastopiti. V dvajsetih letih na\u0161ega delovanja se je povsem po naravni poti izoblikoval o\u017eji nabor tekem, ki so se jih 3K-jevci najraje udele\u017eevali. Prav zaradi na\u0161ih izku\u0161enj s pripravo \u0161portnikov na udele\u017ebo na teh tekmovanjih, jih kot klub priporo\u010damo tudi vsem novim [&hellip;]<\/p>\n","protected":false},"author":1,"featured_media":0,"parent":0,"menu_order":30,"comment_status":"closed","ping_status":"closed","template":"","meta":{"_et_pb_use_builder":"on","_et_pb_old_content":"","_et_gb_content_width":"","footnotes":""},"class_list":["post-151","page","type-page","status-publish","hentry"],"_links":{"self":[{"href":"https:\/\/3k.startengine.si\/index.php?rest_route=\/wp\/v2\/pages\/151","targetHints":{"allow":["GET"]}}],"collection":[{"href":"https:\/\/3k.startengine.si\/index.php?rest_route=\/wp\/v2\/pages"}],"about":[{"href":"https:\/\/3k.startengine.si\/index.php?rest_route=\/wp\/v2\/types\/page"}],"author":[{"embeddable":true,"href":"https:\/\/3k.startengine.si\/index.php?rest_route=\/wp\/v2\/users\/1"}],"replies":[{"embeddable":true,"href":"https:\/\/3k.startengine.si\/index.php?rest_route=%2Fwp%2Fv2%2Fcomments&post=151"}],"version-history":[{"count":21,"href":"https:\/\/3k.startengine.si\/index.php?rest_route=\/wp\/v2\/pages\/151\/revisions"}],"predecessor-version":[{"id":3906,"href":"https:\/\/3k.startengine.si\/index.php?rest_route=\/wp\/v2\/pages\/151\/revisions\/3906"}],"wp:attachment":[{"href":"https:\/\/3k.startengine.si\/index.php?rest_route=%2Fwp%2Fv2%2Fmedia&parent=151"}],"curies":[{"name":"wp","href":"https:\/\/api.w.org\/{rel}","templated":true}]}}